{"id":20,"date":"2025-08-12T11:37:34","date_gmt":"2025-08-12T11:37:34","guid":{"rendered":"https:\/\/al-trader.pro\/?page_id=20"},"modified":"2025-08-15T13:12:55","modified_gmt":"2025-08-15T13:12:55","slug":"algemene-voorwaarden","status":"publish","type":"page","link":"https:\/\/al-trader.pro\/nl\/terms-conditions\/","title":{"rendered":"Algemene voorwaarden"},"content":{"rendered":"<div data-elementor-type=\"wp-page\" data-elementor-id=\"20\" class=\"elementor elementor-20\" data-elementor-post-type=\"page\">\n\t\t\t\t<div class=\"elementor-element elementor-element-5b00f0d e-flex e-con-boxed e-con e-parent\" data-id=\"5b00f0d\" data-element_type=\"container\" data-e-type=\"container\" data-settings=\"{&quot;background_background&quot;:&quot;classic&quot;}\">\n\t\t\t\t\t<div class=\"e-con-inner\">\n\t\t\t\t<div class=\"elementor-element elementor-element-353fdd2 elementor-widget elementor-widget-heading\" data-id=\"353fdd2\" data-element_type=\"widget\" data-e-type=\"widget\" data-widget_type=\"heading.default\">\n\t\t\t\t\t<h1 class=\"elementor-heading-title elementor-size-default\">Algemene voorwaarden<\/h1>\t\t\t\t<\/div>\n\t\t\t\t<div class=\"elementor-element elementor-element-b6ae71b elementor-icon-list--layout-inline elementor-list-item-link-full_width elementor-widget elementor-widget-icon-list\" data-id=\"b6ae71b\" data-element_type=\"widget\" data-e-type=\"widget\" data-widget_type=\"icon-list.default\">\n\t\t\t\t\t\t\t<ul class=\"elementor-icon-list-items elementor-inline-items\">\n\t\t\t\t\t\t\t<li class=\"elementor-icon-list-item elementor-inline-item\">\n\t\t\t\t\t\t\t\t\t\t\t<span class=\"elementor-icon-list-icon\">\n\t\t\t\t\t\t\t<svg aria-hidden=\"true\" class=\"e-font-icon-svg e-fas-circle\" viewbox=\"0 0 512 512\" xmlns=\"http:\/\/www.w3.org\/2000\/svg\"><path d=\"M256 8C119 8 8 119 8 256s111 248 248 248 248-111 248-248S393 8 256 8z\"><\/path><\/svg>\t\t\t\t\t\t<\/span>\n\t\t\t\t\t\t\t\t\t\t<span class=\"elementor-icon-list-text\">Thuis<\/span>\n\t\t\t\t\t\t\t\t\t<\/li>\n\t\t\t\t\t\t\t\t<li class=\"elementor-icon-list-item elementor-inline-item\">\n\t\t\t\t\t\t\t\t\t\t\t<span class=\"elementor-icon-list-icon\">\n\t\t\t\t\t\t\t<svg aria-hidden=\"true\" class=\"e-font-icon-svg e-fas-circle\" viewbox=\"0 0 512 512\" xmlns=\"http:\/\/www.w3.org\/2000\/svg\"><path d=\"M256 8C119 8 8 119 8 256s111 248 248 248 248-111 248-248S393 8 256 8z\"><\/path><\/svg>\t\t\t\t\t\t<\/span>\n\t\t\t\t\t\t\t\t\t\t<span class=\"elementor-icon-list-text\">Algemene voorwaarden<\/span>\n\t\t\t\t\t\t\t\t\t<\/li>\n\t\t\t\t\t\t<\/ul>\n\t\t\t\t\t\t<\/div>\n\t\t\t\t\t<\/div>\n\t\t\t\t<\/div>\n\t\t<div class=\"elementor-element elementor-element-5227157 e-flex e-con-boxed e-con e-parent\" data-id=\"5227157\" data-element_type=\"container\" data-e-type=\"container\" data-settings=\"{&quot;background_background&quot;:&quot;classic&quot;}\">\n\t\t\t\t\t<div class=\"e-con-inner\">\n\t\t\t\t<div class=\"elementor-element elementor-element-afc2bd7 elementor-widget elementor-widget-text-editor\" data-id=\"afc2bd7\" data-element_type=\"widget\" data-e-type=\"widget\" data-widget_type=\"text-editor.default\">\n\t\t\t\t\t\t\t\t\t<p>Bedankt voor uw bezoek aan onze website,<strong> Al Trader<\/strong>, toegankelijk via\u00a0 <a href=\"https:\/\/al-trader.pro\/nl\/\">al-trader.pro<\/a> Deze Algemene Voorwaarden, samen met ons Privacybeleid, regelen uw toegang tot en gebruik van de Website en de diensten die worden aangeboden door <b>Al Trader<\/b>\u00a0(\"wij\", \"ons\" of \"onze\"). U kunt contact met ons opnemen voor meer informatie of hulp.<\/p><p>Door de Website te bezoeken of gebruik te maken van onze producten en diensten (gezamenlijk aangeduid als \"Diensten\"), gaat u ermee akkoord deze Voorwaarden en ons Privacybeleid na te leven. Deze Voorwaarden omvatten operationele richtlijnen, beleidsregels en aanvullende voorwaarden. Wij behouden ons het recht voor deze Voorwaarden zonder voorafgaande kennisgeving bij te werken. Het is uw verantwoordelijkheid om deze pagina regelmatig te controleren op wijzigingen. Uw voortgezette gebruik van de Website betekent dat u eventuele updates accepteert.<\/p><p>Indien u het niet eens bent met enig onderdeel van deze Voorwaarden, bent u niet bevoegd om onze Website of Diensten te gebruiken. Wij behouden ons het recht voor om de toegang tot de Website en Diensten naar eigen goeddunken te beperken.<\/p>\t\t\t\t\t\t\t\t<\/div>\n\t\t\t\t<div class=\"elementor-element elementor-element-b7b9b6b elementor-widget elementor-widget-heading\" data-id=\"b7b9b6b\" data-element_type=\"widget\" data-e-type=\"widget\" data-widget_type=\"heading.default\">\n\t\t\t\t\t<h2 class=\"elementor-heading-title elementor-size-default\">Geen beleggingsadvies<\/h2>\t\t\t\t<\/div>\n\t\t\t\t<div class=\"elementor-element elementor-element-72361ad elementor-widget elementor-widget-text-editor\" data-id=\"72361ad\" data-element_type=\"widget\" data-e-type=\"widget\" data-widget_type=\"text-editor.default\">\n\t\t\t\t\t\t\t\t\t<p>De website biedt geen gepersonaliseerd financieel of beleggingsadvies, tenzij expliciet vermeld. De verstrekte informatie is uitsluitend bedoeld ter informatie en houdt geen rekening met uw individuele financi\u00eble situatie of beleggingsdoelstellingen.<br \/>Voordat u beleggingsbeslissingen neemt, dient u te beoordelen of de informatie op de website aansluit bij uw omstandigheden. Overweeg indien nodig een onafhankelijk financieel adviseur te raadplegen. Tenzij uitdrukkelijk anders vermeld, vormt de informatie op de website geen aanbeveling om te beleggen in een financieel product of dienst.<\/p>\t\t\t\t\t\t\t\t<\/div>\n\t\t\t\t<div class=\"elementor-element elementor-element-c15a700 elementor-widget elementor-widget-heading\" data-id=\"c15a700\" data-element_type=\"widget\" data-e-type=\"widget\" data-widget_type=\"heading.default\">\n\t\t\t\t\t<h2 class=\"elementor-heading-title elementor-size-default\">Producten en diensten<\/h2>\t\t\t\t<\/div>\n\t\t\t\t<div class=\"elementor-element elementor-element-aa7c483 elementor-widget elementor-widget-text-editor\" data-id=\"aa7c483\" data-element_type=\"widget\" data-e-type=\"widget\" data-widget_type=\"text-editor.default\">\n\t\t\t\t\t\t\t\t\t<p>Niet alle producten of diensten die op de website worden vermeld, worden door ons geleverd. Verwijzingen naar producten, diensten of websites van derden vormen geen aanbeveling. De website kan links bevatten naar platforms van derden en om deze te bezoeken, moet u mogelijk bepaalde informatie delen met de beheerders ervan. Wij zijn niet verantwoordelijk voor de inhoud, werkwijzen of het beleid van websites van derden. Zorg ervoor dat u hun beleid doorneemt voordat u ermee in zee gaat.<\/p>\t\t\t\t\t\t\t\t<\/div>\n\t\t\t\t<div class=\"elementor-element elementor-element-83f761d elementor-widget elementor-widget-heading\" data-id=\"83f761d\" data-element_type=\"widget\" data-e-type=\"widget\" data-widget_type=\"heading.default\">\n\t\t\t\t\t<h2 class=\"elementor-heading-title elementor-size-default\">Toepassingsgebied en wijziging<\/h2>\t\t\t\t<\/div>\n\t\t\t\t<div class=\"elementor-element elementor-element-f6b807b elementor-widget elementor-widget-text-editor\" data-id=\"f6b807b\" data-element_type=\"widget\" data-e-type=\"widget\" data-widget_type=\"text-editor.default\">\n\t\t\t\t\t\t\t\t\t<p>Door onze website te gebruiken, gaat u akkoord met de hier beschreven voorwaarden, die alle eerdere overeenkomsten vervangen. Deze voorwaarden kunnen periodiek worden bijgewerkt en de wijzigingen worden op deze pagina gepubliceerd. Uw voortgezette gebruik van de website houdt in dat u eventuele wijzigingen accepteert.<\/p>\t\t\t\t\t\t\t\t<\/div>\n\t\t\t\t<div class=\"elementor-element elementor-element-b94a779 elementor-widget elementor-widget-heading\" data-id=\"b94a779\" data-element_type=\"widget\" data-e-type=\"widget\" data-widget_type=\"heading.default\">\n\t\t\t\t\t<h2 class=\"elementor-heading-title elementor-size-default\">Vereisten<\/h2>\t\t\t\t<\/div>\n\t\t\t\t<div class=\"elementor-element elementor-element-06f4749 elementor-widget elementor-widget-text-editor\" data-id=\"06f4749\" data-element_type=\"widget\" data-e-type=\"widget\" data-widget_type=\"text-editor.default\">\n\t\t\t\t\t\t\t\t\tDe Website en Diensten zijn bedoeld voor personen die wettelijk bevoegd zijn om bindende contracten aan te gaan onder de toepasselijke wetgeving. Personen jonger dan 18 jaar mogen de Website en Diensten niet gebruiken of er toegang toe krijgen.\t\t\t\t\t\t\t\t<\/div>\n\t\t\t\t<div class=\"elementor-element elementor-element-09132f6 elementor-widget elementor-widget-heading\" data-id=\"09132f6\" data-element_type=\"widget\" data-e-type=\"widget\" data-widget_type=\"heading.default\">\n\t\t\t\t\t<h2 class=\"elementor-heading-title elementor-size-default\">Abonnementsdiensten<\/h2>\t\t\t\t<\/div>\n\t\t\t\t<div class=\"elementor-element elementor-element-448a2a9 elementor-widget elementor-widget-text-editor\" data-id=\"448a2a9\" data-element_type=\"widget\" data-e-type=\"widget\" data-widget_type=\"text-editor.default\">\n\t\t\t\t\t\t\t\t\tRegistratie op de website kan u toegang geven tot abonnementsdiensten, die gratis of betaald kunnen zijn. Deze diensten kunnen informatieve content of aanbiedingen bevatten en vormen geen financieel advies.\t\t\t\t\t\t\t\t<\/div>\n\t\t\t\t<div class=\"elementor-element elementor-element-215bead elementor-widget elementor-widget-heading\" data-id=\"215bead\" data-element_type=\"widget\" data-e-type=\"widget\" data-widget_type=\"heading.default\">\n\t\t\t\t\t<h2 class=\"elementor-heading-title elementor-size-default\">Leverancier en derde partij<\/h2>\t\t\t\t<\/div>\n\t\t\t\t<div class=\"elementor-element elementor-element-d2439b6 elementor-widget elementor-widget-text-editor\" data-id=\"d2439b6\" data-element_type=\"widget\" data-e-type=\"widget\" data-widget_type=\"text-editor.default\">\n\t\t\t\t\t\t\t\t\tDe website kan toegang bieden tot producten of diensten van externe leveranciers. Wij zijn niet verantwoordelijk voor eventuele onjuistheden, geschillen of problemen met betrekking tot deze leveranciers. Interacties met derden zijn uw verantwoordelijkheid.\t\t\t\t\t\t\t\t<\/div>\n\t\t\t\t<div class=\"elementor-element elementor-element-9bf5d8d elementor-widget elementor-widget-heading\" data-id=\"9bf5d8d\" data-element_type=\"widget\" data-e-type=\"widget\" data-widget_type=\"heading.default\">\n\t\t\t\t\t<h2 class=\"elementor-heading-title elementor-size-default\">Algemene diensten<\/h2>\t\t\t\t<\/div>\n\t\t\t\t<div class=\"elementor-element elementor-element-8c9ab58 elementor-widget elementor-widget-text-editor\" data-id=\"8c9ab58\" data-element_type=\"widget\" data-e-type=\"widget\" data-widget_type=\"text-editor.default\">\n\t\t\t\t\t\t\t\t\tOm gebruik te kunnen maken van de Diensten, moet u nauwkeurige registratiegegevens verstrekken. Toekomstige updates of verbeteringen van de Website vallen eveneens onder deze Voorwaarden. Wij zijn niet aansprakelijk indien u geen toegang krijgt tot de Diensten of hiervoor niet in aanmerking komt.\t\t\t\t\t\t\t\t<\/div>\n\t\t\t\t<div class=\"elementor-element elementor-element-c1fbc1a elementor-widget elementor-widget-heading\" data-id=\"c1fbc1a\" data-element_type=\"widget\" data-e-type=\"widget\" data-widget_type=\"heading.default\">\n\t\t\t\t\t<h2 class=\"elementor-heading-title elementor-size-default\">\nEigendomsrechten<\/h2>\t\t\t\t<\/div>\n\t\t\t\t<div class=\"elementor-element elementor-element-252236d elementor-widget elementor-widget-text-editor\" data-id=\"252236d\" data-element_type=\"widget\" data-e-type=\"widget\" data-widget_type=\"text-editor.default\">\n\t\t\t\t\t\t\t\t\t<p>De website, de inhoud ervan en de bijbehorende diensten worden beschermd door auteursrecht, handelsmerken en andere intellectuele eigendomsrechten. Ongeautoriseerde reproductie of wijziging van enig materiaal is ten strengste verboden. Het eigendom van de inhoud van de website berust bij ons.<\/p>\t\t\t\t\t\t\t\t<\/div>\n\t\t\t\t<div class=\"elementor-element elementor-element-8bfc46d elementor-widget elementor-widget-heading\" data-id=\"8bfc46d\" data-element_type=\"widget\" data-e-type=\"widget\" data-widget_type=\"heading.default\">\n\t\t\t\t\t<h2 class=\"elementor-heading-title elementor-size-default\">Vertrouwelijke informatie<\/h2>\t\t\t\t<\/div>\n\t\t\t\t<div class=\"elementor-element elementor-element-de3258e elementor-widget elementor-widget-text-editor\" data-id=\"de3258e\" data-element_type=\"widget\" data-e-type=\"widget\" data-widget_type=\"text-editor.default\">\n\t\t\t\t\t\t\t\t\tVertrouwelijke informatie omvat bedrijfseigen gegevens die expliciet als vertrouwelijk zijn aangemerkt. Dit omvat geen openbaar beschikbare, reeds bestaande of onafhankelijk ontwikkelde informatie. Verplichtingen tot bescherming van vertrouwelijke informatie vervallen \u00e9\u00e9n jaar na be\u00ebindiging van het gebruik.\t\t\t\t\t\t\t\t<\/div>\n\t\t\t\t<div class=\"elementor-element elementor-element-7ea9f85 elementor-widget elementor-widget-heading\" data-id=\"7ea9f85\" data-element_type=\"widget\" data-e-type=\"widget\" data-widget_type=\"heading.default\">\n\t\t\t\t\t<h2 class=\"elementor-heading-title elementor-size-default\">Koppelen en verwijzen<\/h2>\t\t\t\t<\/div>\n\t\t\t\t<div class=\"elementor-element elementor-element-726145a elementor-widget elementor-widget-text-editor\" data-id=\"726145a\" data-element_type=\"widget\" data-e-type=\"widget\" data-widget_type=\"text-editor.default\">\n\t\t\t\t\t\t\t\t\tHet is verboden om zonder onze uitdrukkelijke schriftelijke toestemming hyperlinks, framing of verwijzingen naar de Website te plaatsen. Ongeautoriseerd gebruik kan leiden tot aansprakelijkheid voor schade.\t\t\t\t\t\t\t\t<\/div>\n\t\t\t\t<div class=\"elementor-element elementor-element-77f7835 elementor-widget elementor-widget-heading\" data-id=\"77f7835\" data-element_type=\"widget\" data-e-type=\"widget\" data-widget_type=\"heading.default\">\n\t\t\t\t\t<h2 class=\"elementor-heading-title elementor-size-default\">Vrijwaring<\/h2>\t\t\t\t<\/div>\n\t\t\t\t<div class=\"elementor-element elementor-element-071b551 elementor-widget elementor-widget-text-editor\" data-id=\"071b551\" data-element_type=\"widget\" data-e-type=\"widget\" data-widget_type=\"text-editor.default\">\n\t\t\t\t\t\t\t\t\tDe website, de inhoud ervan en de diensten worden geleverd \"zoals ze zijn\", zonder enige garantie. Wij garanderen geen ononderbroken of foutloze werking van de website of diensten.\t\t\t\t\t\t\t\t<\/div>\n\t\t\t\t<div class=\"elementor-element elementor-element-fca6851 elementor-widget elementor-widget-heading\" data-id=\"fca6851\" data-element_type=\"widget\" data-e-type=\"widget\" data-widget_type=\"heading.default\">\n\t\t\t\t\t<h2 class=\"elementor-heading-title elementor-size-default\">Beperking van aansprakelijkheid<\/h2>\t\t\t\t<\/div>\n\t\t\t\t<div class=\"elementor-element elementor-element-8d7298e elementor-widget elementor-widget-text-editor\" data-id=\"8d7298e\" data-element_type=\"widget\" data-e-type=\"widget\" data-widget_type=\"text-editor.default\">\n\t\t\t\t\t\t\t\t\tOnze aansprakelijkheid voor elke claim is beperkt tot maximaal $ 500. Waar de toepasselijke wetgeving deze beperking verbiedt, wordt de aansprakelijkheid alleen uitgebreid indien wettelijk vereist.\t\t\t\t\t\t\t\t<\/div>\n\t\t\t\t<div class=\"elementor-element elementor-element-f91d671 elementor-widget elementor-widget-heading\" data-id=\"f91d671\" data-element_type=\"widget\" data-e-type=\"widget\" data-widget_type=\"heading.default\">\n\t\t\t\t\t<h2 class=\"elementor-heading-title elementor-size-default\">Schadeloosstelling<\/h2>\t\t\t\t<\/div>\n\t\t\t\t<div class=\"elementor-element elementor-element-deea635 elementor-widget elementor-widget-text-editor\" data-id=\"deea635\" data-element_type=\"widget\" data-e-type=\"widget\" data-widget_type=\"text-editor.default\">\n\t\t\t\t\t\t\t\t\tU stemt ermee in ons schadeloos te stellen en te vrijwaren tegen claims of schade die voortvloeien uit uw gebruik van de Website of Diensten, schending van deze Voorwaarden of inbreuk op rechten van derden.\t\t\t\t\t\t\t\t<\/div>\n\t\t\t\t<div class=\"elementor-element elementor-element-855b5d4 elementor-widget elementor-widget-heading\" data-id=\"855b5d4\" data-element_type=\"widget\" data-e-type=\"widget\" data-widget_type=\"heading.default\">\n\t\t\t\t\t<h2 class=\"elementor-heading-title elementor-size-default\">Websites van derden<\/h2>\t\t\t\t<\/div>\n\t\t\t\t<div class=\"elementor-element elementor-element-7c14ae4 elementor-widget elementor-widget-text-editor\" data-id=\"7c14ae4\" data-element_type=\"widget\" data-e-type=\"widget\" data-widget_type=\"text-editor.default\">\n\t\t\t\t\t\t\t\t\tLinks naar websites van derden worden uitsluitend ter informatie verstrekt. Wij zijn niet verantwoordelijk voor de inhoud, beschikbaarheid of het beleid van deze websites.\t\t\t\t\t\t\t\t<\/div>\n\t\t\t\t<div class=\"elementor-element elementor-element-2b6bc1a elementor-widget elementor-widget-heading\" data-id=\"2b6bc1a\" data-element_type=\"widget\" data-e-type=\"widget\" data-widget_type=\"heading.default\">\n\t\t\t\t\t<h2 class=\"elementor-heading-title elementor-size-default\">Keuze van recht en locatie<\/h2>\t\t\t\t<\/div>\n\t\t\t\t<div class=\"elementor-element elementor-element-754e584 elementor-widget elementor-widget-text-editor\" data-id=\"754e584\" data-element_type=\"widget\" data-e-type=\"widget\" data-widget_type=\"text-editor.default\">\n\t\t\t\t\t\t\t\t\tDeze voorwaarden worden beheerst door het recht van het Verenigd Koninkrijk. Eventuele geschillen worden beslecht via vertrouwelijke arbitrage volgens de regels van de ICC in Londen.\t\t\t\t\t\t\t\t<\/div>\n\t\t\t\t<div class=\"elementor-element elementor-element-5fba540 elementor-widget elementor-widget-heading\" data-id=\"5fba540\" data-element_type=\"widget\" data-e-type=\"widget\" data-widget_type=\"heading.default\">\n\t\t\t\t\t<h2 class=\"elementor-heading-title elementor-size-default\">Gegevensproductie en addenum<\/h2>\t\t\t\t<\/div>\n\t\t\t\t<div class=\"elementor-element elementor-element-d325e7f elementor-widget elementor-widget-text-editor\" data-id=\"d325e7f\" data-element_type=\"widget\" data-e-type=\"widget\" data-widget_type=\"text-editor.default\">\n\t\t\t\t\t\t\t\t\t<p>Deze voorwaarden vallen onder de wetgeving van het Verenigd Koninkrijk. Wij houden ons aan de toepasselijke regelgeving inzake gegevensbescherming, waaronder de Algemene Verordening Gegevensbescherming (AVG) van de EU. Wij waarborgen de gegevensbeveiliging en beschikken over mechanismen om toestemming van gebruikers te verkrijgen voor gegevensverwerking en -verzameling. Eventuele geschillen worden beslecht via vertrouwelijke arbitrage volgens de regels van de ICC in Londen.<\/p>\t\t\t\t\t\t\t\t<\/div>\n\t\t\t\t\t<\/div>\n\t\t\t\t<\/div>\n\t\t\t\t<\/div>","protected":false},"excerpt":{"rendered":"<p>Terms &amp; Conditions Home Terms &#038; Conditions Thank you for visiting our website, Al Trader, accessible via\u00a0 al-trader.pro These Terms and Conditions, along with our Privacy Policy, govern your access and use of the Website and services offered by Al Trader\u00a0(\u201cwe,\u201d \u201cour,\u201d or \u201cus\u201d). You may contact us for further information or assistance. By accessing [&hellip;]<\/p>\n","protected":false},"author":1,"featured_media":0,"parent":0,"menu_order":0,"comment_status":"closed","ping_status":"closed","template":"","meta":{"footnotes":""},"class_list":["post-20","page","type-page","status-publish","hentry"],"_links":{"self":[{"href":"https:\/\/al-trader.pro\/nl\/wp-json\/wp\/v2\/pages\/20","targetHints":{"allow":["GET"]}}],"collection":[{"href":"https:\/\/al-trader.pro\/nl\/wp-json\/wp\/v2\/pages"}],"about":[{"href":"https:\/\/al-trader.pro\/nl\/wp-json\/wp\/v2\/types\/page"}],"author":[{"embeddable":true,"href":"https:\/\/al-trader.pro\/nl\/wp-json\/wp\/v2\/users\/1"}],"replies":[{"embeddable":true,"href":"https:\/\/al-trader.pro\/nl\/wp-json\/wp\/v2\/comments?post=20"}],"version-history":[{"count":23,"href":"https:\/\/al-trader.pro\/nl\/wp-json\/wp\/v2\/pages\/20\/revisions"}],"predecessor-version":[{"id":799,"href":"https:\/\/al-trader.pro\/nl\/wp-json\/wp\/v2\/pages\/20\/revisions\/799"}],"wp:attachment":[{"href":"https:\/\/al-trader.pro\/nl\/wp-json\/wp\/v2\/media?parent=20"}],"curies":[{"name":"wp","href":"https:\/\/api.w.org\/{rel}","templated":true}]}}