{"id":14,"date":"2025-08-12T11:35:33","date_gmt":"2025-08-12T11:35:33","guid":{"rendered":"https:\/\/al-trader.pro\/?page_id=14"},"modified":"2025-08-18T07:17:43","modified_gmt":"2025-08-18T07:17:43","slug":"chi-siamo","status":"publish","type":"page","link":"https:\/\/al-trader.pro\/it\/about-us\/","title":{"rendered":"Chi siamo"},"content":{"rendered":"<div data-elementor-type=\"wp-page\" data-elementor-id=\"14\" class=\"elementor elementor-14\" data-elementor-post-type=\"page\">\n\t\t\t\t<div class=\"elementor-element elementor-element-6a833de e-flex e-con-boxed e-con e-parent\" data-id=\"6a833de\" data-element_type=\"container\" data-e-type=\"container\" data-settings=\"{&quot;background_background&quot;:&quot;classic&quot;}\">\n\t\t\t\t\t<div class=\"e-con-inner\">\n\t\t\t\t<div class=\"elementor-element elementor-element-4716da9 elementor-widget elementor-widget-heading\" data-id=\"4716da9\" data-element_type=\"widget\" data-e-type=\"widget\" data-widget_type=\"heading.default\">\n\t\t\t\t\t<h1 class=\"elementor-heading-title elementor-size-default\">Chi siamo<\/h1>\t\t\t\t<\/div>\n\t\t\t\t<div class=\"elementor-element elementor-element-2d50a76 elementor-icon-list--layout-inline elementor-list-item-link-full_width elementor-widget elementor-widget-icon-list\" data-id=\"2d50a76\" data-element_type=\"widget\" data-e-type=\"widget\" data-widget_type=\"icon-list.default\">\n\t\t\t\t\t\t\t<ul class=\"elementor-icon-list-items elementor-inline-items\">\n\t\t\t\t\t\t\t<li class=\"elementor-icon-list-item elementor-inline-item\">\n\t\t\t\t\t\t\t\t\t\t\t<span class=\"elementor-icon-list-icon\">\n\t\t\t\t\t\t\t<svg aria-hidden=\"true\" class=\"e-font-icon-svg e-fas-circle\" viewbox=\"0 0 512 512\" xmlns=\"http:\/\/www.w3.org\/2000\/svg\"><path d=\"M256 8C119 8 8 119 8 256s111 248 248 248 248-111 248-248S393 8 256 8z\"><\/path><\/svg>\t\t\t\t\t\t<\/span>\n\t\t\t\t\t\t\t\t\t\t<span class=\"elementor-icon-list-text\">Casa<\/span>\n\t\t\t\t\t\t\t\t\t<\/li>\n\t\t\t\t\t\t\t\t<li class=\"elementor-icon-list-item elementor-inline-item\">\n\t\t\t\t\t\t\t\t\t\t\t<span class=\"elementor-icon-list-icon\">\n\t\t\t\t\t\t\t<svg aria-hidden=\"true\" class=\"e-font-icon-svg e-fas-circle\" viewbox=\"0 0 512 512\" xmlns=\"http:\/\/www.w3.org\/2000\/svg\"><path d=\"M256 8C119 8 8 119 8 256s111 248 248 248 248-111 248-248S393 8 256 8z\"><\/path><\/svg>\t\t\t\t\t\t<\/span>\n\t\t\t\t\t\t\t\t\t\t<span class=\"elementor-icon-list-text\">Chi siamo<\/span>\n\t\t\t\t\t\t\t\t\t<\/li>\n\t\t\t\t\t\t<\/ul>\n\t\t\t\t\t\t<\/div>\n\t\t\t\t\t<\/div>\n\t\t\t\t<\/div>\n\t\t<div class=\"elementor-element elementor-element-e51f96b e-flex e-con-boxed e-con e-parent\" data-id=\"e51f96b\" data-element_type=\"container\" data-e-type=\"container\">\n\t\t\t\t\t<div class=\"e-con-inner\">\n\t\t<div class=\"elementor-element elementor-element-c60e969 e-con-full e-flex e-con e-child\" data-id=\"c60e969\" data-element_type=\"container\" data-e-type=\"container\">\n\t\t\t\t<div class=\"elementor-element elementor-element-ab58899 elementor-widget elementor-widget-heading\" data-id=\"ab58899\" data-element_type=\"widget\" data-e-type=\"widget\" data-widget_type=\"heading.default\">\n\t\t\t\t\t<h2 class=\"elementor-heading-title elementor-size-default\">Dare potere ai trader, una decisione alla volta<\/h2>\t\t\t\t<\/div>\n\t\t\t\t<div class=\"elementor-element elementor-element-f8d83ad elementor-widget elementor-widget-text-editor\" data-id=\"f8d83ad\" data-element_type=\"widget\" data-e-type=\"widget\" data-widget_type=\"text-editor.default\">\n\t\t\t\t\t\t\t\t\t<p>Noi di AL Trader crediamo che il successo nel trading non dipenda dalla fortuna, ma dalla conoscenza, dalla strategia e dagli strumenti giusti. La nostra missione \u00e8 offrire ai trader di tutti i livelli l'accesso ad analisi di mercato avanzate, tecnologie all'avanguardia e spunti concreti che guidano decisioni pi\u00f9 consapevoli. Che tu stia appena iniziando il tuo percorso o che tu gestisca un portafoglio esperto, AL Trader \u00e8 qui per fornirti l'esperienza e la sicurezza necessarie per navigare sui mercati e cogliere le opportunit\u00e0 con precisione.<\/p>\t\t\t\t\t\t\t\t<\/div>\n\t\t\t\t<\/div>\n\t\t<div class=\"elementor-element elementor-element-659b4e8 e-con-full e-flex e-con e-child\" data-id=\"659b4e8\" data-element_type=\"container\" data-e-type=\"container\">\n\t\t\t\t<div class=\"elementor-element elementor-element-47b8e45 elementor-widget elementor-widget-image\" data-id=\"47b8e45\" data-element_type=\"widget\" data-e-type=\"widget\" data-widget_type=\"image.default\">\n\t\t\t\t\t\t\t\t\t\t\t\t\t\t\t<img fetchpriority=\"high\" decoding=\"async\" width=\"740\" height=\"416\" src=\"https:\/\/al-trader.pro\/wp-content\/uploads\/2025\/08\/businessman-holding-3d-render-st.webp\" class=\"attachment-large size-large wp-image-278\" alt=\"\" srcset=\"https:\/\/al-trader.pro\/wp-content\/uploads\/2025\/08\/businessman-holding-3d-render-st.webp 740w, https:\/\/al-trader.pro\/wp-content\/uploads\/2025\/08\/businessman-holding-3d-render-st-300x169.webp 300w\" sizes=\"(max-width: 740px) 100vw, 740px\" \/>\t\t\t\t\t\t\t\t\t\t\t\t\t\t\t<\/div>\n\t\t<div class=\"elementor-element elementor-element-88fa692 e-con-full e-flex e-con e-child\" data-id=\"88fa692\" data-element_type=\"container\" data-e-type=\"container\" data-settings=\"{&quot;background_background&quot;:&quot;classic&quot;}\">\n\t\t\t\t<div class=\"elementor-element elementor-element-52ea716 elementor-widget elementor-widget-counter\" data-id=\"52ea716\" data-element_type=\"widget\" data-e-type=\"widget\" data-widget_type=\"counter.default\">\n\t\t\t\t\t\t\t<div class=\"elementor-counter\">\n\t\t\t<div class=\"elementor-counter-title\">Cliente soddisfatto<\/div>\t\t\t<div class=\"elementor-counter-number-wrapper\">\n\t\t\t\t<span class=\"elementor-counter-number-prefix\"><\/span>\n\t\t\t\t<span class=\"elementor-counter-number\" data-duration=\"2000\" data-to-value=\"100\" data-from-value=\"0\" data-delimiter=\",\">0<\/span>\n\t\t\t\t<span class=\"elementor-counter-number-suffix\"><\/span>\n\t\t\t<\/div>\n\t\t<\/div>\n\t\t\t\t\t\t<\/div>\n\t\t\t\t<\/div>\n\t\t\t\t<\/div>\n\t\t\t\t\t<\/div>\n\t\t\t\t<\/div>\n\t\t<div class=\"elementor-element elementor-element-1b5c508 e-flex e-con-boxed e-con e-parent\" data-id=\"1b5c508\" data-element_type=\"container\" data-e-type=\"container\" data-settings=\"{&quot;background_background&quot;:&quot;classic&quot;}\">\n\t\t\t\t\t<div class=\"e-con-inner\">\n\t\t\t\t<div class=\"elementor-element elementor-element-d9ea168 elementor-widget elementor-widget-heading\" data-id=\"d9ea168\" data-element_type=\"widget\" data-e-type=\"widget\" data-widget_type=\"heading.default\">\n\t\t\t\t\t<h2 class=\"elementor-heading-title elementor-size-default\"> L'innovazione al centro<\/h2>\t\t\t\t<\/div>\n\t\t\t\t<div class=\"elementor-element elementor-element-15f93e8 elementor-widget elementor-widget-text-editor\" data-id=\"15f93e8\" data-element_type=\"widget\" data-e-type=\"widget\" data-widget_type=\"text-editor.default\">\n\t\t\t\t\t\t\t\t\tCombiniamo algoritmi di trading avanzati con un design intuitivo per offrire una piattaforma potente ma accessibile. Il nostro focus \u00e8 sull'innovazione continua, garantendoti sempre gli strumenti e le informazioni pi\u00f9 recenti per rimanere al passo con i rapidi cambiamenti dei mercati finanziari.\t\t\t\t\t\t\t\t<\/div>\n\t\t\t\t<div class=\"elementor-element elementor-element-5d49235 elementor-widget elementor-widget-button\" data-id=\"5d49235\" data-element_type=\"widget\" data-e-type=\"widget\" data-widget_type=\"button.default\">\n\t\t\t\t\t\t\t\t\t\t<a class=\"elementor-button elementor-button-link elementor-size-sm\" href=\"https:\/\/al-trader.pro\/it\/contattaci\/\">\n\t\t\t\t\t\t<span class=\"elementor-button-content-wrapper\">\n\t\t\t\t\t\t\t\t\t<span class=\"elementor-button-text\">Contattaci<\/span>\n\t\t\t\t\t<\/span>\n\t\t\t\t\t<\/a>\n\t\t\t\t\t\t\t\t<\/div>\n\t\t\t\t\t<\/div>\n\t\t\t\t<\/div>\n\t\t<div class=\"elementor-element elementor-element-c4657bf e-flex e-con-boxed e-con e-parent\" data-id=\"c4657bf\" data-element_type=\"container\" data-e-type=\"container\">\n\t\t\t\t\t<div class=\"e-con-inner\">\n\t\t<div class=\"elementor-element elementor-element-c1d9045 e-con-full e-flex e-con e-child\" data-id=\"c1d9045\" data-element_type=\"container\" data-e-type=\"container\">\n\t\t\t\t<div class=\"elementor-element elementor-element-1b8756b elementor-widget elementor-widget-image\" data-id=\"1b8756b\" data-element_type=\"widget\" data-e-type=\"widget\" data-widget_type=\"image.default\">\n\t\t\t\t\t\t\t\t\t\t\t\t\t\t\t<img decoding=\"async\" width=\"740\" height=\"740\" src=\"https:\/\/al-trader.pro\/wp-content\/uploads\/2025\/08\/futuristic-finance-digital-marke.webp\" class=\"attachment-large size-large wp-image-328\" alt=\"\" srcset=\"https:\/\/al-trader.pro\/wp-content\/uploads\/2025\/08\/futuristic-finance-digital-marke.webp 740w, https:\/\/al-trader.pro\/wp-content\/uploads\/2025\/08\/futuristic-finance-digital-marke-300x300.webp 300w, https:\/\/al-trader.pro\/wp-content\/uploads\/2025\/08\/futuristic-finance-digital-marke-150x150.webp 150w\" sizes=\"(max-width: 740px) 100vw, 740px\" \/>\t\t\t\t\t\t\t\t\t\t\t\t\t\t\t<\/div>\n\t\t\t\t<\/div>\n\t\t<div class=\"elementor-element elementor-element-358fde6 e-con-full e-flex e-con e-child\" data-id=\"358fde6\" data-element_type=\"container\" data-e-type=\"container\">\n\t\t\t\t<div class=\"elementor-element elementor-element-7802b42 elementor-widget elementor-widget-heading\" data-id=\"7802b42\" data-element_type=\"widget\" data-e-type=\"widget\" data-widget_type=\"heading.default\">\n\t\t\t\t\t<h2 class=\"elementor-heading-title elementor-size-default\">Costruito sulla fiducia e sulla trasparenza<\/h2>\t\t\t\t<\/div>\n\t\t\t\t<div class=\"elementor-element elementor-element-8039b79 elementor-widget elementor-widget-text-editor\" data-id=\"8039b79\" data-element_type=\"widget\" data-e-type=\"widget\" data-widget_type=\"text-editor.default\">\n\t\t\t\t\t\t\t\t\t<p>Noi di AL Trader sappiamo che la fiducia \u00e8 il fondamento di ogni percorso di trading di successo. Ecco perch\u00e9 andiamo oltre la semplice offerta di strumenti: offriamo chiarezza, affidabilit\u00e0 e piena trasparenza in tutto ci\u00f2 che facciamo. Dai nostri dati di mercato e dalle metriche di performance alle nostre strategie di trading e risorse formative, saprai sempre esattamente come e perch\u00e9 vengono formulate le nostre raccomandazioni. Crediamo che i trader informati prendano decisioni consapevoli e la nostra missione \u00e8 fornirti informazioni accurate, una guida onesta e una piattaforma su cui puoi contare ogni volta che accedi al mercato.<\/p>\t\t\t\t\t\t\t\t<\/div>\n\t\t\t\t<\/div>\n\t\t\t\t\t<\/div>\n\t\t\t\t<\/div>\n\t\t\t\t<\/div>","protected":false},"excerpt":{"rendered":"<p>About Us Home About Us Empowering Traders, One Decision at a Time At AL Trader, we believe successful trading isn\u2019t about luck \u2014 it\u2019s about knowledge, strategy, and the right tools. Our mission is to give traders of all levels access to advanced market analytics, cutting-edge technology, and actionable insights that drive smarter decisions. Whether [&hellip;]<\/p>\n","protected":false},"author":1,"featured_media":0,"parent":0,"menu_order":0,"comment_status":"closed","ping_status":"closed","template":"","meta":{"footnotes":""},"class_list":["post-14","page","type-page","status-publish","hentry"],"_links":{"self":[{"href":"https:\/\/al-trader.pro\/it\/wp-json\/wp\/v2\/pages\/14","targetHints":{"allow":["GET"]}}],"collection":[{"href":"https:\/\/al-trader.pro\/it\/wp-json\/wp\/v2\/pages"}],"about":[{"href":"https:\/\/al-trader.pro\/it\/wp-json\/wp\/v2\/types\/page"}],"author":[{"embeddable":true,"href":"https:\/\/al-trader.pro\/it\/wp-json\/wp\/v2\/users\/1"}],"replies":[{"embeddable":true,"href":"https:\/\/al-trader.pro\/it\/wp-json\/wp\/v2\/comments?post=14"}],"version-history":[{"count":34,"href":"https:\/\/al-trader.pro\/it\/wp-json\/wp\/v2\/pages\/14\/revisions"}],"predecessor-version":[{"id":659,"href":"https:\/\/al-trader.pro\/it\/wp-json\/wp\/v2\/pages\/14\/revisions\/659"}],"wp:attachment":[{"href":"https:\/\/al-trader.pro\/it\/wp-json\/wp\/v2\/media?parent=14"}],"curies":[{"name":"wp","href":"https:\/\/api.w.org\/{rel}","templated":true}]}}