{"id":22,"date":"2025-08-12T11:37:45","date_gmt":"2025-08-12T11:37:45","guid":{"rendered":"https:\/\/al-trader.pro\/?page_id=22"},"modified":"2025-12-09T13:03:14","modified_gmt":"2025-12-09T13:03:14","slug":"gracias","status":"publish","type":"page","link":"https:\/\/al-trader.pro\/es\/thank-you\/","title":{"rendered":"Gracias"},"content":{"rendered":"<div data-elementor-type=\"wp-page\" data-elementor-id=\"22\" class=\"elementor elementor-22\" data-elementor-post-type=\"page\">\n\t\t\t\t<div class=\"elementor-element elementor-element-e20296c e-flex e-con-boxed e-con e-parent\" data-id=\"e20296c\" data-element_type=\"container\" data-e-type=\"container\" data-settings=\"{&quot;background_background&quot;:&quot;video&quot;,&quot;background_video_link&quot;:&quot;https:\\\/\\\/al-trader.pro\\\/wp-content\\\/uploads\\\/2025\\\/08\\\/thankyou.mp4&quot;,&quot;background_play_on_mobile&quot;:&quot;yes&quot;}\">\n\t\t\t\t\t<div class=\"e-con-inner\">\n\t\t<div class=\"elementor-background-video-container\">\n\t\t\t\t\t\t\t<video class=\"elementor-background-video-hosted\" role=\"presentation\" autoplay muted playsinline loop><\/video>\n\t\t\t\t\t<\/div>\t\t<div class=\"elementor-element elementor-element-44bfd26 elementor-widget elementor-widget-heading\" data-id=\"44bfd26\" data-element_type=\"widget\" data-e-type=\"widget\" data-widget_type=\"heading.default\">\n\t\t\t\t\t<h1 class=\"elementor-heading-title elementor-size-default\">\u00a1Gracias por tu registro!<\/h1>\t\t\t\t<\/div>\n\t\t\t\t<div class=\"elementor-element elementor-element-e6c4688 elementor-widget__width-inherit elementor-widget elementor-widget-text-editor\" data-id=\"e6c4688\" data-element_type=\"widget\" data-e-type=\"widget\" data-widget_type=\"text-editor.default\">\n\t\t\t\t\t\t\t\t\t<p>\u00a1Nos alegra tenerte a bordo! Para brindarte el mejor servicio posible, te pedimos que tengas tu tel\u00e9fono disponible para una llamada. Es posible que necesitemos contactarte para obtener m\u00e1s informaci\u00f3n o para hablar sobre los detalles de tu registro.<\/p><p>No se preocupe, nos pondremos en contacto con usted pronto para responder a cualquier pregunta o inquietud que pueda tener. Valoramos su participaci\u00f3n y nos comprometemos a que su experiencia con nosotros sea excepcional.<\/p><p>Gracias una vez m\u00e1s por registrarse y \u00a1esperamos hablar con usted pronto!<\/p>\t\t\t\t\t\t\t\t<\/div>\n\t\t\t\t<div class=\"elementor-element elementor-element-a95bd46 elementor-mobile-align-center elementor-widget elementor-widget-button\" data-id=\"a95bd46\" data-element_type=\"widget\" data-e-type=\"widget\" data-widget_type=\"button.default\">\n\t\t\t\t\t\t\t\t\t\t<a class=\"elementor-button elementor-button-link elementor-size-sm elementor-animation-grow\" href=\"https:\/\/al-trader.pro\/es\/\">\n\t\t\t\t\t\t<span class=\"elementor-button-content-wrapper\">\n\t\t\t\t\t\t\t\t\t<span class=\"elementor-button-text\">Volver a casa<\/span>\n\t\t\t\t\t<\/span>\n\t\t\t\t\t<\/a>\n\t\t\t\t\t\t\t\t<\/div>\n\t\t\t\t\t<\/div>\n\t\t\t\t<\/div>\n\t\t\t\t<\/div>","protected":false},"excerpt":{"rendered":"<p>Thank you for your registration! We\u2019re excited to have you on board! In order to provide you with the best possible service, we kindly ask that you ensure your phone is available for a call. We may need to reach out to you for further information or to discuss your registration details. Rest assured, we\u2019ll [&hellip;]<\/p>\n","protected":false},"author":1,"featured_media":0,"parent":0,"menu_order":0,"comment_status":"closed","ping_status":"closed","template":"","meta":{"footnotes":""},"class_list":["post-22","page","type-page","status-publish","hentry"],"_links":{"self":[{"href":"https:\/\/al-trader.pro\/es\/wp-json\/wp\/v2\/pages\/22","targetHints":{"allow":["GET"]}}],"collection":[{"href":"https:\/\/al-trader.pro\/es\/wp-json\/wp\/v2\/pages"}],"about":[{"href":"https:\/\/al-trader.pro\/es\/wp-json\/wp\/v2\/types\/page"}],"author":[{"embeddable":true,"href":"https:\/\/al-trader.pro\/es\/wp-json\/wp\/v2\/users\/1"}],"replies":[{"embeddable":true,"href":"https:\/\/al-trader.pro\/es\/wp-json\/wp\/v2\/comments?post=22"}],"version-history":[{"count":13,"href":"https:\/\/al-trader.pro\/es\/wp-json\/wp\/v2\/pages\/22\/revisions"}],"predecessor-version":[{"id":805,"href":"https:\/\/al-trader.pro\/es\/wp-json\/wp\/v2\/pages\/22\/revisions\/805"}],"wp:attachment":[{"href":"https:\/\/al-trader.pro\/es\/wp-json\/wp\/v2\/media?parent=22"}],"curies":[{"name":"wp","href":"https:\/\/api.w.org\/{rel}","templated":true}]}}