{"id":18,"date":"2025-08-12T11:37:19","date_gmt":"2025-08-12T11:37:19","guid":{"rendered":"https:\/\/al-trader.pro\/?page_id=18"},"modified":"2025-08-21T11:24:48","modified_gmt":"2025-08-21T11:24:48","slug":"politica-de-privacidad","status":"publish","type":"page","link":"https:\/\/al-trader.pro\/es\/privacy-policy\/","title":{"rendered":"pol\u00edtica de privacidad"},"content":{"rendered":"<div data-elementor-type=\"wp-page\" data-elementor-id=\"18\" class=\"elementor elementor-18\" data-elementor-post-type=\"page\">\n\t\t\t\t<div class=\"elementor-element elementor-element-a33d367 e-flex e-con-boxed e-con e-parent\" data-id=\"a33d367\" data-element_type=\"container\" data-e-type=\"container\" data-settings=\"{&quot;background_background&quot;:&quot;classic&quot;}\">\n\t\t\t\t\t<div class=\"e-con-inner\">\n\t\t\t\t<div class=\"elementor-element elementor-element-257a21e elementor-widget elementor-widget-heading\" data-id=\"257a21e\" data-element_type=\"widget\" data-e-type=\"widget\" data-widget_type=\"heading.default\">\n\t\t\t\t\t<h1 class=\"elementor-heading-title elementor-size-default\">pol\u00edtica de privacidad<\/h1>\t\t\t\t<\/div>\n\t\t\t\t<div class=\"elementor-element elementor-element-a7811c4 elementor-icon-list--layout-inline elementor-list-item-link-full_width elementor-widget elementor-widget-icon-list\" data-id=\"a7811c4\" data-element_type=\"widget\" data-e-type=\"widget\" data-widget_type=\"icon-list.default\">\n\t\t\t\t\t\t\t<ul class=\"elementor-icon-list-items elementor-inline-items\">\n\t\t\t\t\t\t\t<li class=\"elementor-icon-list-item elementor-inline-item\">\n\t\t\t\t\t\t\t\t\t\t\t<span class=\"elementor-icon-list-icon\">\n\t\t\t\t\t\t\t<svg aria-hidden=\"true\" class=\"e-font-icon-svg e-fas-circle\" viewbox=\"0 0 512 512\" xmlns=\"http:\/\/www.w3.org\/2000\/svg\"><path d=\"M256 8C119 8 8 119 8 256s111 248 248 248 248-111 248-248S393 8 256 8z\"><\/path><\/svg>\t\t\t\t\t\t<\/span>\n\t\t\t\t\t\t\t\t\t\t<span class=\"elementor-icon-list-text\">Hogar<\/span>\n\t\t\t\t\t\t\t\t\t<\/li>\n\t\t\t\t\t\t\t\t<li class=\"elementor-icon-list-item elementor-inline-item\">\n\t\t\t\t\t\t\t\t\t\t\t<span class=\"elementor-icon-list-icon\">\n\t\t\t\t\t\t\t<svg aria-hidden=\"true\" class=\"e-font-icon-svg e-fas-circle\" viewbox=\"0 0 512 512\" xmlns=\"http:\/\/www.w3.org\/2000\/svg\"><path d=\"M256 8C119 8 8 119 8 256s111 248 248 248 248-111 248-248S393 8 256 8z\"><\/path><\/svg>\t\t\t\t\t\t<\/span>\n\t\t\t\t\t\t\t\t\t\t<span class=\"elementor-icon-list-text\">pol\u00edtica de privacidad<\/span>\n\t\t\t\t\t\t\t\t\t<\/li>\n\t\t\t\t\t\t<\/ul>\n\t\t\t\t\t\t<\/div>\n\t\t\t\t\t<\/div>\n\t\t\t\t<\/div>\n\t\t<div class=\"elementor-element elementor-element-0d93c6f e-flex e-con-boxed e-con e-parent\" data-id=\"0d93c6f\" data-element_type=\"container\" data-e-type=\"container\">\n\t\t\t\t\t<div class=\"e-con-inner\">\n\t\t\t\t<div class=\"elementor-element elementor-element-b461f8d elementor-widget elementor-widget-text-editor\" data-id=\"b461f8d\" data-element_type=\"widget\" data-e-type=\"widget\" data-widget_type=\"text-editor.default\">\n\t\t\t\t\t\t\t\t\t<p>En <strong>Al Trader\u00a0<\/strong>Su privacidad es nuestra prioridad. Los datos personales se conservan solo el tiempo necesario, y los usuarios con cuentas activas son responsables de gestionar su informaci\u00f3n. Al cancelar la cuenta, los datos relacionados se eliminar\u00e1n de acuerdo con las leyes y pol\u00edticas aplicables.<\/p>\t\t\t\t\t\t\t\t<\/div>\n\t\t\t\t<div class=\"elementor-element elementor-element-bc9da7b elementor-widget elementor-widget-heading\" data-id=\"bc9da7b\" data-element_type=\"widget\" data-e-type=\"widget\" data-widget_type=\"heading.default\">\n\t\t\t\t\t<h2 class=\"elementor-heading-title elementor-size-default\">Introducci\u00f3n<\/h2>\t\t\t\t<\/div>\n\t\t\t\t<div class=\"elementor-element elementor-element-5e3fdea elementor-widget elementor-widget-text-editor translation-block\" data-id=\"5e3fdea\" data-element_type=\"widget\" data-e-type=\"widget\" data-widget_type=\"text-editor.default\">Esta Pol\u00edtica de Privacidad describe c\u00f3mo <b>Al Trader<\/b> (\u00abnosotros\u00bb, \u00abnos\u00bb o \u00abnuestro\u00bb) recopila, utiliza y protege la informaci\u00f3n obtenida a trav\u00e9s de nuestro sitio web (\u00abel Sitio Web\u00bb) y nuestros servicios (\u00ablos Servicios\u00bb). La protecci\u00f3n de sus datos personales es de suma importancia para nosotros.<p><\/p> Si bien nuestro Sitio Web puede incluir enlaces a sitios de terceros, no nos hacemos responsables de sus pr\u00e1cticas de privacidad. Le recomendamos revisar sus pol\u00edticas antes de proporcionar cualquier dato. Implementamos s\u00f3lidas medidas de seguridad y organizaci\u00f3n para proteger la informaci\u00f3n personal que nos proporcionan los usuarios.\n\nPara utilizar nuestro Sitio Web, es posible que deba proporcionar informaci\u00f3n como su nombre, correo electr\u00f3nico, n\u00famero de tel\u00e9fono y otros datos. Esta informaci\u00f3n nos ayuda a verificar su identidad, brindarle asistencia y cumplir con las obligaciones legales. Puede gestionar sus preferencias o darse de baja de nuestras comunicaciones en cualquier momento.<\/div>\n\t\t\t\t<div class=\"elementor-element elementor-element-289b459 elementor-widget elementor-widget-heading\" data-id=\"289b459\" data-element_type=\"widget\" data-e-type=\"widget\" data-widget_type=\"heading.default\">\n\t\t\t\t\t<h2 class=\"elementor-heading-title elementor-size-default\">Informaci\u00f3n que recopilamos<\/h2>\t\t\t\t<\/div>\n\t\t\t\t<div class=\"elementor-element elementor-element-06a658e elementor-widget elementor-widget-text-editor\" data-id=\"06a658e\" data-element_type=\"widget\" data-e-type=\"widget\" data-widget_type=\"text-editor.default\">\n\t\t\t\t\t\t\t\t\tRecopilamos los datos personales que nos proporciona, incluyendo su nombre, direcci\u00f3n de correo electr\u00f3nico, n\u00famero de tel\u00e9fono y cualquier otra informaci\u00f3n adicional que comparta a trav\u00e9s de formularios o comunicaci\u00f3n directa. Al registrar una cuenta, tambi\u00e9n podemos solicitarle el nombre de su empresa, su direcci\u00f3n y otros datos de contacto.\t\t\t\t\t\t\t\t<\/div>\n\t\t\t\t<div class=\"elementor-element elementor-element-58886ee elementor-widget elementor-widget-heading\" data-id=\"58886ee\" data-element_type=\"widget\" data-e-type=\"widget\" data-widget_type=\"heading.default\">\n\t\t\t\t\t<h2 class=\"elementor-heading-title elementor-size-default\">Recopilaci\u00f3n y uso de datos<\/h2>\t\t\t\t<\/div>\n\t\t\t\t<div class=\"elementor-element elementor-element-bd370bc elementor-widget elementor-widget-text-editor\" data-id=\"bd370bc\" data-element_type=\"widget\" data-e-type=\"widget\" data-widget_type=\"text-editor.default\">\n\t\t\t\t\t\t\t\t\tMediante el uso <b>Al Trader<\/b>\u00a0Usted consiente la recopilaci\u00f3n y el tratamiento de datos personales, incluyendo cookies y env\u00edos de formularios. Estos datos se utilizan para mejorar nuestro sitio web, adaptar nuestros servicios y cumplir con nuestras obligaciones contractuales o legales.<\/p>\n\n<ul data-spread=\"false\">\n \t<li><strong>Registro de cuenta:<\/strong>\u00a0Basado en su consentimiento o necesidad contractual.<\/li>\n \t<li><strong>Prestaci\u00f3n de servicios:<\/strong>\u00a0Para cumplir acuerdos y prestar servicios.<\/li>\n \t<li><strong>Soporte y comunicaci\u00f3n:<\/strong>\u00a0Por intereses leg\u00edtimos o cumplimiento legal.<\/li>\n \t<li><strong>Marketing:<\/strong>\u00a0Con su consentimiento expl\u00edcito.<\/li>\n \t<li><strong>Mejora y an\u00e1lisis:<\/strong>\u00a0Por intereses leg\u00edtimos o en base a su consentimiento.<\/li>\n<\/ul>\t\t\t\t\t\t\t\t<\/div>\n\t\t\t\t<div class=\"elementor-element elementor-element-e1ea760 elementor-widget elementor-widget-heading\" data-id=\"e1ea760\" data-element_type=\"widget\" data-e-type=\"widget\" data-widget_type=\"heading.default\">\n\t\t\t\t\t<h2 class=\"elementor-heading-title elementor-size-default\">Intercambio de datos<\/h2>\t\t\t\t<\/div>\n\t\t\t\t<div class=\"elementor-element elementor-element-75a7085 elementor-widget elementor-widget-text-editor\" data-id=\"75a7085\" data-element_type=\"widget\" data-e-type=\"widget\" data-widget_type=\"text-editor.default\">\n\t\t\t\t\t\t\t\t\tPodemos compartir sus datos con socios y proveedores de confianza para mejorar nuestro sitio web y nuestros servicios. Para los usuarios de la UE, el tratamiento de datos cumple con el RGPD y otras normativas aplicables.\t\t\t\t\t\t\t\t<\/div>\n\t\t\t\t<div class=\"elementor-element elementor-element-18c1f71 elementor-widget elementor-widget-heading\" data-id=\"18c1f71\" data-element_type=\"widget\" data-e-type=\"widget\" data-widget_type=\"heading.default\">\n\t\t\t\t\t<h2 class=\"elementor-heading-title elementor-size-default\">Seguridad<\/h2>\t\t\t\t<\/div>\n\t\t\t\t<div class=\"elementor-element elementor-element-6d98500 elementor-widget elementor-widget-text-editor\" data-id=\"6d98500\" data-element_type=\"widget\" data-e-type=\"widget\" data-widget_type=\"text-editor.default\">\n\t\t\t\t\t\t\t\t\tUtilizamos medidas robustas para proteger sus datos personales contra accesos no autorizados o usos indebidos. Sin embargo, ning\u00fan sistema es totalmente inmune a las vulneraciones. Notif\u00edquenos de inmediato si sospecha que sus datos se han visto comprometidos.\t\t\t\t\t\t\t\t<\/div>\n\t\t\t\t<div class=\"elementor-element elementor-element-0896e6f elementor-widget elementor-widget-heading\" data-id=\"0896e6f\" data-element_type=\"widget\" data-e-type=\"widget\" data-widget_type=\"heading.default\">\n\t\t\t\t\t<h2 class=\"elementor-heading-title elementor-size-default\">Galletas<\/h2>\t\t\t\t<\/div>\n\t\t\t\t<div class=\"elementor-element elementor-element-807625c elementor-widget elementor-widget-text-editor\" data-id=\"807625c\" data-element_type=\"widget\" data-e-type=\"widget\" data-widget_type=\"text-editor.default\">\n\t\t\t\t\t\t\t\t\t<p data-pm-slice=\"1 1 []\">Nuestro sitio web utiliza cookies para mejorar su experiencia. Para obtener m\u00e1s informaci\u00f3n sobre el uso de cookies y la gesti\u00f3n de sus preferencias, consulte nuestra Pol\u00edtica de Cookies.<\/p>\t\t\t\t\t\t\t\t<\/div>\n\t\t\t\t<div class=\"elementor-element elementor-element-3275017 elementor-widget elementor-widget-heading\" data-id=\"3275017\" data-element_type=\"widget\" data-e-type=\"widget\" data-widget_type=\"heading.default\">\n\t\t\t\t\t<h2 class=\"elementor-heading-title elementor-size-default\">Enlaces externos<\/h2>\t\t\t\t<\/div>\n\t\t\t\t<div class=\"elementor-element elementor-element-f3e0168 elementor-widget elementor-widget-text-editor\" data-id=\"f3e0168\" data-element_type=\"widget\" data-e-type=\"widget\" data-widget_type=\"text-editor.default\">\n\t\t\t\t\t\t\t\t\t<b>Al Trader<\/b>\u00a0No nos responsabilizamos de las pr\u00e1cticas de privacidad de sitios web de terceros enlazados en nuestro sitio web. Revise sus pol\u00edticas de privacidad antes de compartir cualquier dato.\t\t\t\t\t\t\t\t<\/div>\n\t\t\t\t<div class=\"elementor-element elementor-element-aea718d elementor-widget elementor-widget-heading\" data-id=\"aea718d\" data-element_type=\"widget\" data-e-type=\"widget\" data-widget_type=\"heading.default\">\n\t\t\t\t\t<h2 class=\"elementor-heading-title elementor-size-default\">Retenci\u00f3n y eliminaci\u00f3n de datos<\/h2>\t\t\t\t<\/div>\n\t\t\t\t<div class=\"elementor-element elementor-element-7ee2f24 elementor-widget elementor-widget-text-editor\" data-id=\"7ee2f24\" data-element_type=\"widget\" data-e-type=\"widget\" data-widget_type=\"text-editor.default\">\n\t\t\t\t\t\t\t\t\tLos datos personales se conservan solo el tiempo necesario. Los usuarios de cuentas activas gestionan sus datos, y las cuentas canceladas se eliminar\u00e1n de conformidad con la legislaci\u00f3n vigente.\t\t\t\t\t\t\t\t<\/div>\n\t\t\t\t<div class=\"elementor-element elementor-element-8ac588b elementor-widget elementor-widget-heading\" data-id=\"8ac588b\" data-element_type=\"widget\" data-e-type=\"widget\" data-widget_type=\"heading.default\">\n\t\t\t\t\t<h2 class=\"elementor-heading-title elementor-size-default\">Derechos de usuario<\/h2>\t\t\t\t<\/div>\n\t\t\t\t<div class=\"elementor-element elementor-element-305f598 elementor-widget elementor-widget-text-editor\" data-id=\"305f598\" data-element_type=\"widget\" data-e-type=\"widget\" data-widget_type=\"text-editor.default\">\n\t\t\t\t\t\t\t\t\tUsted tiene derecho a:<\/p>\n\n<ul data-spread=\"false\">\n \t<li>Acceda a sus datos personales.<\/li>\n \t<li>Corrija cualquier inexactitud.<\/li>\n \t<li>Solicitar la eliminaci\u00f3n de datos en circunstancias espec\u00edficas.<\/li>\n \t<li>Restringir u oponerse al procesamiento de datos.<\/li>\n \t<li>Retirar el consentimiento en cualquier momento.<\/li>\n \t<li>Solicitar la portabilidad de datos en formato estructurado.<\/li>\n<\/ul>\t\t\t\t\t\t\t\t<\/div>\n\t\t\t\t<div class=\"elementor-element elementor-element-2502ab3 elementor-widget elementor-widget-heading\" data-id=\"2502ab3\" data-element_type=\"widget\" data-e-type=\"widget\" data-widget_type=\"heading.default\">\n\t\t\t\t\t<h2 class=\"elementor-heading-title elementor-size-default\">Materiales de marketing<\/h2>\t\t\t\t<\/div>\n\t\t\t\t<div class=\"elementor-element elementor-element-a516976 elementor-widget elementor-widget-text-editor\" data-id=\"a516976\" data-element_type=\"widget\" data-e-type=\"widget\" data-widget_type=\"text-editor.default\">\n\t\t\t\t\t\t\t\t\tCon su consentimiento, utilizamos sus datos personales para enviarle materiales de marketing. Puede revocar este consentimiento en cualquier momento poni\u00e9ndose en contacto con nosotros.\t\t\t\t\t\t\t\t<\/div>\n\t\t\t\t<div class=\"elementor-element elementor-element-4a6f399 elementor-widget elementor-widget-heading\" data-id=\"4a6f399\" data-element_type=\"widget\" data-e-type=\"widget\" data-widget_type=\"heading.default\">\n\t\t\t\t\t<h2 class=\"elementor-heading-title elementor-size-default\">Aceptaci\u00f3n de esta Pol\u00edtica<\/h2>\t\t\t\t<\/div>\n\t\t\t\t<div class=\"elementor-element elementor-element-d5bb427 elementor-widget elementor-widget-text-editor\" data-id=\"d5bb427\" data-element_type=\"widget\" data-e-type=\"widget\" data-widget_type=\"text-editor.default\">\n\t\t\t\t\t\t\t\t\tMediante el uso <b>Al Trader<\/b>\u00a0Al usar el sitio web o los servicios, usted acepta esta Pol\u00edtica de privacidad. El uso continuado despu\u00e9s de las actualizaciones implica la aceptaci\u00f3n de cualquier cambio.\t\t\t\t\t\t\t\t<\/div>\n\t\t\t\t<div class=\"elementor-element elementor-element-04bd4d3 elementor-widget elementor-widget-heading\" data-id=\"04bd4d3\" data-element_type=\"widget\" data-e-type=\"widget\" data-widget_type=\"heading.default\">\n\t\t\t\t\t<h2 class=\"elementor-heading-title elementor-size-default\">Contacta con nosotras<\/h2>\t\t\t\t<\/div>\n\t\t\t\t<div class=\"elementor-element elementor-element-d803dc1 elementor-widget elementor-widget-text-editor\" data-id=\"d803dc1\" data-element_type=\"widget\" data-e-type=\"widget\" data-widget_type=\"text-editor.default\">\n\t\t\t\t\t\t\t\t\tSi tiene alguna pregunta, inquietud o consulta sobre esta Pol\u00edtica de Privacidad o sobre c\u00f3mo gestionamos su informaci\u00f3n, no dude en contactarnos. Puede contactar con nuestro equipo de soporte en [Insert address missing]. Si tiene alguna pregunta, inquietud o consulta sobre esta Pol\u00edtica de Privacidad o sobre c\u00f3mo gestionamos su informaci\u00f3n, no dude en contactarnos. Puede contactar con nuestro equipo de soporte en [Insert address missing]. <span style=\"color: #3366ff;\"><a style=\"color: #3366ff;\" href=\"mailto:support@al-trader.pro\">support@al-trader.pro<\/a><\/span><\/p>\t\t\t\t\t\t\t\t<\/div>\n\t\t\t\t\t<\/div>\n\t\t\t\t<\/div>\n\t\t\t\t<\/div>","protected":false},"excerpt":{"rendered":"<p>Privacy Policy Home Privacy Policy At Al Trader\u00a0your privacy is our priority. Personal data is retained only as long as necessary, and users with active accounts are responsible for managing their information. Upon account termination, related data will be deleted in accordance with applicable laws and policies. Introduction This Privacy Policy outlines how Al Trader\u00a0(\u201cwe,\u201d [&hellip;]<\/p>\n","protected":false},"author":1,"featured_media":0,"parent":0,"menu_order":0,"comment_status":"closed","ping_status":"closed","template":"","meta":{"footnotes":""},"class_list":["post-18","page","type-page","status-publish","hentry"],"_links":{"self":[{"href":"https:\/\/al-trader.pro\/es\/wp-json\/wp\/v2\/pages\/18","targetHints":{"allow":["GET"]}}],"collection":[{"href":"https:\/\/al-trader.pro\/es\/wp-json\/wp\/v2\/pages"}],"about":[{"href":"https:\/\/al-trader.pro\/es\/wp-json\/wp\/v2\/types\/page"}],"author":[{"embeddable":true,"href":"https:\/\/al-trader.pro\/es\/wp-json\/wp\/v2\/users\/1"}],"replies":[{"embeddable":true,"href":"https:\/\/al-trader.pro\/es\/wp-json\/wp\/v2\/comments?post=18"}],"version-history":[{"count":28,"href":"https:\/\/al-trader.pro\/es\/wp-json\/wp\/v2\/pages\/18\/revisions"}],"predecessor-version":[{"id":695,"href":"https:\/\/al-trader.pro\/es\/wp-json\/wp\/v2\/pages\/18\/revisions\/695"}],"wp:attachment":[{"href":"https:\/\/al-trader.pro\/es\/wp-json\/wp\/v2\/media?parent=18"}],"curies":[{"name":"wp","href":"https:\/\/api.w.org\/{rel}","templated":true}]}}