{"id":16,"date":"2025-08-12T11:36:07","date_gmt":"2025-08-12T11:36:07","guid":{"rendered":"https:\/\/al-trader.pro\/?page_id=16"},"modified":"2025-08-18T07:35:05","modified_gmt":"2025-08-18T07:35:05","slug":"contacta-con-nosotras-2","status":"publish","type":"page","link":"https:\/\/al-trader.pro\/es\/contact-us\/","title":{"rendered":"Contacta con nosotras"},"content":{"rendered":"<div data-elementor-type=\"wp-page\" data-elementor-id=\"16\" class=\"elementor elementor-16\" data-elementor-post-type=\"page\">\n\t\t\t\t<div class=\"elementor-element elementor-element-13cf88c e-flex e-con-boxed e-con e-parent\" data-id=\"13cf88c\" data-element_type=\"container\" data-e-type=\"container\" data-settings=\"{&quot;background_background&quot;:&quot;classic&quot;}\">\n\t\t\t\t\t<div class=\"e-con-inner\">\n\t\t\t\t<div class=\"elementor-element elementor-element-e8ea34d elementor-widget elementor-widget-heading\" data-id=\"e8ea34d\" data-element_type=\"widget\" data-e-type=\"widget\" data-widget_type=\"heading.default\">\n\t\t\t\t\t<h1 class=\"elementor-heading-title elementor-size-default\">Cont\u00e1ctenos<\/h1>\t\t\t\t<\/div>\n\t\t\t\t<div class=\"elementor-element elementor-element-6e907b2 elementor-icon-list--layout-inline elementor-list-item-link-full_width elementor-widget elementor-widget-icon-list\" data-id=\"6e907b2\" data-element_type=\"widget\" data-e-type=\"widget\" data-widget_type=\"icon-list.default\">\n\t\t\t\t\t\t\t<ul class=\"elementor-icon-list-items elementor-inline-items\">\n\t\t\t\t\t\t\t<li class=\"elementor-icon-list-item elementor-inline-item\">\n\t\t\t\t\t\t\t\t\t\t\t<span class=\"elementor-icon-list-icon\">\n\t\t\t\t\t\t\t<svg aria-hidden=\"true\" class=\"e-font-icon-svg e-fas-circle\" viewbox=\"0 0 512 512\" xmlns=\"http:\/\/www.w3.org\/2000\/svg\"><path d=\"M256 8C119 8 8 119 8 256s111 248 248 248 248-111 248-248S393 8 256 8z\"><\/path><\/svg>\t\t\t\t\t\t<\/span>\n\t\t\t\t\t\t\t\t\t\t<span class=\"elementor-icon-list-text\">Hogar<\/span>\n\t\t\t\t\t\t\t\t\t<\/li>\n\t\t\t\t\t\t\t\t<li class=\"elementor-icon-list-item elementor-inline-item\">\n\t\t\t\t\t\t\t\t\t\t\t<span class=\"elementor-icon-list-icon\">\n\t\t\t\t\t\t\t<svg aria-hidden=\"true\" class=\"e-font-icon-svg e-fas-circle\" viewbox=\"0 0 512 512\" xmlns=\"http:\/\/www.w3.org\/2000\/svg\"><path d=\"M256 8C119 8 8 119 8 256s111 248 248 248 248-111 248-248S393 8 256 8z\"><\/path><\/svg>\t\t\t\t\t\t<\/span>\n\t\t\t\t\t\t\t\t\t\t<span class=\"elementor-icon-list-text\">Contacta con nosotras<\/span>\n\t\t\t\t\t\t\t\t\t<\/li>\n\t\t\t\t\t\t<\/ul>\n\t\t\t\t\t\t<\/div>\n\t\t\t\t\t<\/div>\n\t\t\t\t<\/div>\n\t\t<div class=\"elementor-element elementor-element-e5f47ba e-flex e-con-boxed e-con e-parent\" data-id=\"e5f47ba\" data-element_type=\"container\" data-e-type=\"container\" data-settings=\"{&quot;background_background&quot;:&quot;classic&quot;}\">\n\t\t\t\t\t<div class=\"e-con-inner\">\n\t\t<div class=\"elementor-element elementor-element-fa9986a e-con-full e-flex e-con e-child\" data-id=\"fa9986a\" data-element_type=\"container\" data-e-type=\"container\">\n\t\t\t\t<div class=\"elementor-element elementor-element-ed942cf elementor-widget elementor-widget-heading\" data-id=\"ed942cf\" data-element_type=\"widget\" data-e-type=\"widget\" data-widget_type=\"heading.default\">\n\t\t\t\t\t<h1 class=\"elementor-heading-title elementor-size-default\">Aqu\u00ed para escuchar, listo para ayudar<\/h1>\t\t\t\t<\/div>\n\t\t\t\t<div class=\"elementor-element elementor-element-24ad698 elementor-widget elementor-widget-text-editor\" data-id=\"24ad698\" data-element_type=\"widget\" data-e-type=\"widget\" data-widget_type=\"text-editor.default\">\n\t\t\t\t\t\t\t\t\t<p>Estamos aqu\u00ed para responder a tus preguntas, guiarte a trav\u00e9s de nuestros servicios y garantizar que tengas la mejor experiencia posible. Si necesitas ayuda, tienes una consulta o simplemente quieres compartir tus comentarios, nuestro equipo est\u00e1 listo para escucharte. Cada mensaje es importante para nosotros y nuestro objetivo es responder con prontitud. Cont\u00e1ctanos ahora y comencemos la conversaci\u00f3n. Juntos, podemos encontrar la soluci\u00f3n perfecta para tus necesidades.<\/p>\t\t\t\t\t\t\t\t<\/div>\n\t\t\t\t<div class=\"elementor-element elementor-element-d652c01 elementor-align-left elementor-mobile-align-center elementor-widget elementor-widget-button\" data-id=\"d652c01\" data-element_type=\"widget\" data-e-type=\"widget\" data-widget_type=\"button.default\">\n\t\t\t\t\t\t\t\t\t\t<a class=\"elementor-button elementor-button-link elementor-size-sm\" href=\"#replain-link\">\n\t\t\t\t\t\t<span class=\"elementor-button-content-wrapper\">\n\t\t\t\t\t\t\t\t\t<span class=\"elementor-button-text\">Chat de soporte en vivo<\/span>\n\t\t\t\t\t<\/span>\n\t\t\t\t\t<\/a>\n\t\t\t\t\t\t\t\t<\/div>\n\t\t\t\t<\/div>\n\t\t<div class=\"elementor-element elementor-element-58c52e8 e-con-full e-flex e-con e-child\" data-id=\"58c52e8\" data-element_type=\"container\" data-e-type=\"container\">\n\t\t\t\t<div class=\"elementor-element elementor-element-809c1c0 elementor-widget__width-initial elementor-widget-tablet__width-inherit elementor-widget elementor-widget-shortcode\" data-id=\"809c1c0\" data-element_type=\"widget\" data-e-type=\"widget\" data-widget_type=\"shortcode.default\">\n\t\t\t\t\t\t\t<div class=\"elementor-shortcode\"><style>\n\t.form-wrapper-trade .formheading {\n\t\tfont-size: 28px;\n\t\tfont-weight: 600;\n\t}\n\n\t@media screen and (max-width: 768px) {\n\t\t.form-wrapper-trade .formheading {\n\t\t\tfont-size: 22Px;\n\t\t\tfont-weight: 600;\n\t\t}\n\t}\n\t.form-wrapper-trade,\n\t#customFormWidget {\n\t\tfont-family: 'Poppins', sans-serif;\n\t}\n\t.form-wrapper-trade {\n\t\twidth: 100%;\n\t\tmax-width: 100%; \n\t\tbackground: #ffffff;\n\t\tmargin: 0 auto;\n\t\tpadding: 25px 30px;\n\t\tborder-radius: 10px;\n\t\tbox-shadow: 0 5px 15px rgba(0,0,0,0.1);\n        \/* margin-bottom: 30px !important; *\/\n\t}\n\t@media screen and (max-width: 991px) {\n\t\t.form-wrapper-trade {\n\t\t\twidth: 100% !important;\n\t\t\tmax-width: 100%;\n\t\t}\n\t}\n\n\t.form-label {\n\t\tdisplay: block;\n\t\tmargin-bottom: 5px;\n\t\tfont-weight: 500;\n\t\tcolor: #000000 !important;\n\t}\n\tbutton.form-control {\n\t\ttransition: all 0.3s ease;\n\t}\n<\/style>\n<div class=\"form-wrapper-trade\" style=\"max-width: 500px; margin: 0 auto;\">\n\t<div class=\"preloader\" id=\"preloader\"><div class=\"spinner\"><\/div><\/div>\n\n\t<p class=\"formheading form-label\">EXPLORE TRADING OPPORTUNITIES TODAY<\/p>\n\n\t<form id=\"customFormWidget\" autocomplete=\"off\" action=\"\">\n\t\t<div class=\"form-group\">\n\t\t\t<label for=\"firstName\" class=\"form-label\">First Name<\/label>\n\t\t\t<input id=\"firstName\" name=\"firstName\" type=\"text\" class=\"form-control\" required \/>\n\t\t<\/div>\n\n\t\t<div class=\"form-group\">\n\t\t\t<label for=\"lastName\" class=\"form-label\">Last Name<\/label>\n\t\t\t<input id=\"lastName\" name=\"lastName\" type=\"text\" class=\"form-control\" required \/>\n\t\t<\/div>\n\n\t\t<div class=\"form-group\">\n\t\t\t<label for=\"email\" class=\"form-label\">Email<\/label>\n\t\t\t<input id=\"email\" name=\"email\" type=\"email\" class=\"form-control\" required \/>\n\t\t<\/div>\n\n\t\t<div class=\"form-group\">\n\t\t\t<label for=\"phone\" class=\"form-label\">Phone Number<\/label>\n\t\t\t<input id=\"phone\" name=\"phone\" type=\"tel\" class=\"form-control\" style=\"width:100%\" required \/>\n\t\t<\/div>\n\n\t\t<div class=\"form-group\">\n\t\t\t<button \n\t\t\t\t\ttype=\"submit\" \n\t\t\t\t\tclass=\"form-control\"\n\t\t\t\t\tstyle=\"background-color: #01273b; \t\t\t\t\t\t   color: #ffffff; \t\t\t\t\t\t   border-radius: 5px;\">\n\t\t\t\tREGISTER NOW\t\t\t<\/button>\n\t\t<\/div>\n\n\t\t<div id=\"formErrorMessage\" class=\"form-message\"><\/div>\n\n\t\t<div class=\"fortp\">\n\t\t\t<p style=\"color: black\">\r\n  T\u00f3mese un momento para revisar y aceptar nuestra \r\n  <a href=\"https:\/\/al-trader.pro\/es\/politica-de-privacidad\/\" style=\"color: black;text-decoration: underline\">pol\u00edtica de privacidad<\/a> \r\n  y \r\n  <a href=\"https:\/\/al-trader.pro\/es\/terms-condition\/\" style=\"color: black;text-decoration: underline\">T\u00e9rminos y condiciones<\/a>.\r\n<\/p>\r\n\t\t<\/div>\n\t<input type=\"hidden\" name=\"trp-form-language\" value=\"es\"\/><\/form>\n<\/div>\n<\/div>\n\t\t\t\t\t\t<\/div>\n\t\t\t\t<\/div>\n\t\t\t\t\t<\/div>\n\t\t\t\t<\/div>\n\t\t\t\t<\/div>","protected":false},"excerpt":{"rendered":"<p>ContactUs Home Contact Us Here to Listen, Ready to Help We\u2019re here to answer your questions, guide you through our services, and ensure you have the best experience possible. Whether you need support, have an inquiry, or simply want to share feedback, our team is ready to listen. Every message matters to us, and we [&hellip;]<\/p>\n","protected":false},"author":1,"featured_media":0,"parent":0,"menu_order":0,"comment_status":"closed","ping_status":"closed","template":"","meta":{"footnotes":""},"class_list":["post-16","page","type-page","status-publish","hentry"],"_links":{"self":[{"href":"https:\/\/al-trader.pro\/es\/wp-json\/wp\/v2\/pages\/16","targetHints":{"allow":["GET"]}}],"collection":[{"href":"https:\/\/al-trader.pro\/es\/wp-json\/wp\/v2\/pages"}],"about":[{"href":"https:\/\/al-trader.pro\/es\/wp-json\/wp\/v2\/types\/page"}],"author":[{"embeddable":true,"href":"https:\/\/al-trader.pro\/es\/wp-json\/wp\/v2\/users\/1"}],"replies":[{"embeddable":true,"href":"https:\/\/al-trader.pro\/es\/wp-json\/wp\/v2\/comments?post=16"}],"version-history":[{"count":49,"href":"https:\/\/al-trader.pro\/es\/wp-json\/wp\/v2\/pages\/16\/revisions"}],"predecessor-version":[{"id":675,"href":"https:\/\/al-trader.pro\/es\/wp-json\/wp\/v2\/pages\/16\/revisions\/675"}],"wp:attachment":[{"href":"https:\/\/al-trader.pro\/es\/wp-json\/wp\/v2\/media?parent=16"}],"curies":[{"name":"wp","href":"https:\/\/api.w.org\/{rel}","templated":true}]}}