{"id":14,"date":"2025-08-12T11:35:33","date_gmt":"2025-08-12T11:35:33","guid":{"rendered":"https:\/\/al-trader.pro\/?page_id=14"},"modified":"2025-08-18T07:17:43","modified_gmt":"2025-08-18T07:17:43","slug":"sobre-nosotras","status":"publish","type":"page","link":"https:\/\/al-trader.pro\/es\/about-us\/","title":{"rendered":"Sobre nosotras"},"content":{"rendered":"<div data-elementor-type=\"wp-page\" data-elementor-id=\"14\" class=\"elementor elementor-14\" data-elementor-post-type=\"page\">\n\t\t\t\t<div class=\"elementor-element elementor-element-6a833de e-flex e-con-boxed e-con e-parent\" data-id=\"6a833de\" data-element_type=\"container\" data-e-type=\"container\" data-settings=\"{&quot;background_background&quot;:&quot;classic&quot;}\">\n\t\t\t\t\t<div class=\"e-con-inner\">\n\t\t\t\t<div class=\"elementor-element elementor-element-4716da9 elementor-widget elementor-widget-heading\" data-id=\"4716da9\" data-element_type=\"widget\" data-e-type=\"widget\" data-widget_type=\"heading.default\">\n\t\t\t\t\t<h1 class=\"elementor-heading-title elementor-size-default\">Sobre nosotras<\/h1>\t\t\t\t<\/div>\n\t\t\t\t<div class=\"elementor-element elementor-element-2d50a76 elementor-icon-list--layout-inline elementor-list-item-link-full_width elementor-widget elementor-widget-icon-list\" data-id=\"2d50a76\" data-element_type=\"widget\" data-e-type=\"widget\" data-widget_type=\"icon-list.default\">\n\t\t\t\t\t\t\t<ul class=\"elementor-icon-list-items elementor-inline-items\">\n\t\t\t\t\t\t\t<li class=\"elementor-icon-list-item elementor-inline-item\">\n\t\t\t\t\t\t\t\t\t\t\t<span class=\"elementor-icon-list-icon\">\n\t\t\t\t\t\t\t<svg aria-hidden=\"true\" class=\"e-font-icon-svg e-fas-circle\" viewbox=\"0 0 512 512\" xmlns=\"http:\/\/www.w3.org\/2000\/svg\"><path d=\"M256 8C119 8 8 119 8 256s111 248 248 248 248-111 248-248S393 8 256 8z\"><\/path><\/svg>\t\t\t\t\t\t<\/span>\n\t\t\t\t\t\t\t\t\t\t<span class=\"elementor-icon-list-text\">Hogar<\/span>\n\t\t\t\t\t\t\t\t\t<\/li>\n\t\t\t\t\t\t\t\t<li class=\"elementor-icon-list-item elementor-inline-item\">\n\t\t\t\t\t\t\t\t\t\t\t<span class=\"elementor-icon-list-icon\">\n\t\t\t\t\t\t\t<svg aria-hidden=\"true\" class=\"e-font-icon-svg e-fas-circle\" viewbox=\"0 0 512 512\" xmlns=\"http:\/\/www.w3.org\/2000\/svg\"><path d=\"M256 8C119 8 8 119 8 256s111 248 248 248 248-111 248-248S393 8 256 8z\"><\/path><\/svg>\t\t\t\t\t\t<\/span>\n\t\t\t\t\t\t\t\t\t\t<span class=\"elementor-icon-list-text\">Sobre nosotras<\/span>\n\t\t\t\t\t\t\t\t\t<\/li>\n\t\t\t\t\t\t<\/ul>\n\t\t\t\t\t\t<\/div>\n\t\t\t\t\t<\/div>\n\t\t\t\t<\/div>\n\t\t<div class=\"elementor-element elementor-element-e51f96b e-flex e-con-boxed e-con e-parent\" data-id=\"e51f96b\" data-element_type=\"container\" data-e-type=\"container\">\n\t\t\t\t\t<div class=\"e-con-inner\">\n\t\t<div class=\"elementor-element elementor-element-c60e969 e-con-full e-flex e-con e-child\" data-id=\"c60e969\" data-element_type=\"container\" data-e-type=\"container\">\n\t\t\t\t<div class=\"elementor-element elementor-element-ab58899 elementor-widget elementor-widget-heading\" data-id=\"ab58899\" data-element_type=\"widget\" data-e-type=\"widget\" data-widget_type=\"heading.default\">\n\t\t\t\t\t<h2 class=\"elementor-heading-title elementor-size-default\">Empoderar a las comerciantes, una decisi\u00f3n a la vez<\/h2>\t\t\t\t<\/div>\n\t\t\t\t<div class=\"elementor-element elementor-element-f8d83ad elementor-widget elementor-widget-text-editor\" data-id=\"f8d83ad\" data-element_type=\"widget\" data-e-type=\"widget\" data-widget_type=\"text-editor.default\">\n\t\t\t\t\t\t\t\t\t<p>En AL Trader, creemos que el \u00e9xito en el trading no se trata de suerte, sino de conocimiento, estrategia y las herramientas adecuadas. Nuestra misi\u00f3n es brindar a traders de todos los niveles acceso a an\u00e1lisis de mercado avanzados, tecnolog\u00eda de vanguardia e informaci\u00f3n pr\u00e1ctica que les permita tomar decisiones m\u00e1s inteligentes. Tanto si est\u00e1 empezando como si gestiona una cartera con experiencia, AL Trader le ofrece la experiencia y la confianza necesarias para navegar por los mercados y aprovechar las oportunidades con precisi\u00f3n.<\/p>\t\t\t\t\t\t\t\t<\/div>\n\t\t\t\t<\/div>\n\t\t<div class=\"elementor-element elementor-element-659b4e8 e-con-full e-flex e-con e-child\" data-id=\"659b4e8\" data-element_type=\"container\" data-e-type=\"container\">\n\t\t\t\t<div class=\"elementor-element elementor-element-47b8e45 elementor-widget elementor-widget-image\" data-id=\"47b8e45\" data-element_type=\"widget\" data-e-type=\"widget\" data-widget_type=\"image.default\">\n\t\t\t\t\t\t\t\t\t\t\t\t\t\t\t<img fetchpriority=\"high\" decoding=\"async\" width=\"740\" height=\"416\" src=\"https:\/\/al-trader.pro\/wp-content\/uploads\/2025\/08\/businessman-holding-3d-render-st.webp\" class=\"attachment-large size-large wp-image-278\" alt=\"\" srcset=\"https:\/\/al-trader.pro\/wp-content\/uploads\/2025\/08\/businessman-holding-3d-render-st.webp 740w, https:\/\/al-trader.pro\/wp-content\/uploads\/2025\/08\/businessman-holding-3d-render-st-300x169.webp 300w\" sizes=\"(max-width: 740px) 100vw, 740px\" \/>\t\t\t\t\t\t\t\t\t\t\t\t\t\t\t<\/div>\n\t\t<div class=\"elementor-element elementor-element-88fa692 e-con-full e-flex e-con e-child\" data-id=\"88fa692\" data-element_type=\"container\" data-e-type=\"container\" data-settings=\"{&quot;background_background&quot;:&quot;classic&quot;}\">\n\t\t\t\t<div class=\"elementor-element elementor-element-52ea716 elementor-widget elementor-widget-counter\" data-id=\"52ea716\" data-element_type=\"widget\" data-e-type=\"widget\" data-widget_type=\"counter.default\">\n\t\t\t\t\t\t\t<div class=\"elementor-counter\">\n\t\t\t<div class=\"elementor-counter-title\">Cliente satisfecha<\/div>\t\t\t<div class=\"elementor-counter-number-wrapper\">\n\t\t\t\t<span class=\"elementor-counter-number-prefix\"><\/span>\n\t\t\t\t<span class=\"elementor-counter-number\" data-duration=\"2000\" data-to-value=\"100\" data-from-value=\"0\" data-delimiter=\",\">0<\/span>\n\t\t\t\t<span class=\"elementor-counter-number-suffix\"><\/span>\n\t\t\t<\/div>\n\t\t<\/div>\n\t\t\t\t\t\t<\/div>\n\t\t\t\t<\/div>\n\t\t\t\t<\/div>\n\t\t\t\t\t<\/div>\n\t\t\t\t<\/div>\n\t\t<div class=\"elementor-element elementor-element-1b5c508 e-flex e-con-boxed e-con e-parent\" data-id=\"1b5c508\" data-element_type=\"container\" data-e-type=\"container\" data-settings=\"{&quot;background_background&quot;:&quot;classic&quot;}\">\n\t\t\t\t\t<div class=\"e-con-inner\">\n\t\t\t\t<div class=\"elementor-element elementor-element-d9ea168 elementor-widget elementor-widget-heading\" data-id=\"d9ea168\" data-element_type=\"widget\" data-e-type=\"widget\" data-widget_type=\"heading.default\">\n\t\t\t\t\t<h2 class=\"elementor-heading-title elementor-size-default\"> La innovaci\u00f3n en el n\u00facleo<\/h2>\t\t\t\t<\/div>\n\t\t\t\t<div class=\"elementor-element elementor-element-15f93e8 elementor-widget elementor-widget-text-editor\" data-id=\"15f93e8\" data-element_type=\"widget\" data-e-type=\"widget\" data-widget_type=\"text-editor.default\">\n\t\t\t\t\t\t\t\t\tCombinamos algoritmos de trading avanzados con un dise\u00f1o intuitivo para ofrecer una plataforma potente y accesible. Nos centramos en la innovaci\u00f3n continua, garantizando que siempre cuente con las herramientas y los conocimientos m\u00e1s recientes para mantenerse a la vanguardia en los din\u00e1micos mercados financieros.\t\t\t\t\t\t\t\t<\/div>\n\t\t\t\t<div class=\"elementor-element elementor-element-5d49235 elementor-widget elementor-widget-button\" data-id=\"5d49235\" data-element_type=\"widget\" data-e-type=\"widget\" data-widget_type=\"button.default\">\n\t\t\t\t\t\t\t\t\t\t<a class=\"elementor-button elementor-button-link elementor-size-sm\" href=\"https:\/\/al-trader.pro\/es\/contacta-con-nosotras-2\/\">\n\t\t\t\t\t\t<span class=\"elementor-button-content-wrapper\">\n\t\t\t\t\t\t\t\t\t<span class=\"elementor-button-text\">Cont\u00e1ctanos<\/span>\n\t\t\t\t\t<\/span>\n\t\t\t\t\t<\/a>\n\t\t\t\t\t\t\t\t<\/div>\n\t\t\t\t\t<\/div>\n\t\t\t\t<\/div>\n\t\t<div class=\"elementor-element elementor-element-c4657bf e-flex e-con-boxed e-con e-parent\" data-id=\"c4657bf\" data-element_type=\"container\" data-e-type=\"container\">\n\t\t\t\t\t<div class=\"e-con-inner\">\n\t\t<div class=\"elementor-element elementor-element-c1d9045 e-con-full e-flex e-con e-child\" data-id=\"c1d9045\" data-element_type=\"container\" data-e-type=\"container\">\n\t\t\t\t<div class=\"elementor-element elementor-element-1b8756b elementor-widget elementor-widget-image\" data-id=\"1b8756b\" data-element_type=\"widget\" data-e-type=\"widget\" data-widget_type=\"image.default\">\n\t\t\t\t\t\t\t\t\t\t\t\t\t\t\t<img decoding=\"async\" width=\"740\" height=\"740\" src=\"https:\/\/al-trader.pro\/wp-content\/uploads\/2025\/08\/futuristic-finance-digital-marke.webp\" class=\"attachment-large size-large wp-image-328\" alt=\"\" srcset=\"https:\/\/al-trader.pro\/wp-content\/uploads\/2025\/08\/futuristic-finance-digital-marke.webp 740w, https:\/\/al-trader.pro\/wp-content\/uploads\/2025\/08\/futuristic-finance-digital-marke-300x300.webp 300w, https:\/\/al-trader.pro\/wp-content\/uploads\/2025\/08\/futuristic-finance-digital-marke-150x150.webp 150w\" sizes=\"(max-width: 740px) 100vw, 740px\" \/>\t\t\t\t\t\t\t\t\t\t\t\t\t\t\t<\/div>\n\t\t\t\t<\/div>\n\t\t<div class=\"elementor-element elementor-element-358fde6 e-con-full e-flex e-con e-child\" data-id=\"358fde6\" data-element_type=\"container\" data-e-type=\"container\">\n\t\t\t\t<div class=\"elementor-element elementor-element-7802b42 elementor-widget elementor-widget-heading\" data-id=\"7802b42\" data-element_type=\"widget\" data-e-type=\"widget\" data-widget_type=\"heading.default\">\n\t\t\t\t\t<h2 class=\"elementor-heading-title elementor-size-default\">Construido sobre la confianza y la transparencia<\/h2>\t\t\t\t<\/div>\n\t\t\t\t<div class=\"elementor-element elementor-element-8039b79 elementor-widget elementor-widget-text-editor\" data-id=\"8039b79\" data-element_type=\"widget\" data-e-type=\"widget\" data-widget_type=\"text-editor.default\">\n\t\t\t\t\t\t\t\t\t<p>En AL Trader, entendemos que la confianza es la base de cualquier estrategia de trading exitosa. Por eso, vamos m\u00e1s all\u00e1 de simplemente ofrecer herramientas: brindamos claridad, fiabilidad y total transparencia en todo lo que hacemos. Desde nuestros datos de mercado y m\u00e9tricas de rendimiento hasta nuestras estrategias de trading y recursos educativos, siempre sabr\u00e1 exactamente c\u00f3mo y por qu\u00e9 realizamos nuestras recomendaciones. Creemos que los traders informados toman decisiones seguras, y nuestra misi\u00f3n es brindarle informaci\u00f3n precisa, asesoramiento honesto y una plataforma en la que pueda confiar cada vez que entre al mercado.<\/p>\t\t\t\t\t\t\t\t<\/div>\n\t\t\t\t<\/div>\n\t\t\t\t\t<\/div>\n\t\t\t\t<\/div>\n\t\t\t\t<\/div>","protected":false},"excerpt":{"rendered":"<p>About Us Home About Us Empowering Traders, One Decision at a Time At AL Trader, we believe successful trading isn\u2019t about luck \u2014 it\u2019s about knowledge, strategy, and the right tools. Our mission is to give traders of all levels access to advanced market analytics, cutting-edge technology, and actionable insights that drive smarter decisions. Whether [&hellip;]<\/p>\n","protected":false},"author":1,"featured_media":0,"parent":0,"menu_order":0,"comment_status":"closed","ping_status":"closed","template":"","meta":{"footnotes":""},"class_list":["post-14","page","type-page","status-publish","hentry"],"_links":{"self":[{"href":"https:\/\/al-trader.pro\/es\/wp-json\/wp\/v2\/pages\/14","targetHints":{"allow":["GET"]}}],"collection":[{"href":"https:\/\/al-trader.pro\/es\/wp-json\/wp\/v2\/pages"}],"about":[{"href":"https:\/\/al-trader.pro\/es\/wp-json\/wp\/v2\/types\/page"}],"author":[{"embeddable":true,"href":"https:\/\/al-trader.pro\/es\/wp-json\/wp\/v2\/users\/1"}],"replies":[{"embeddable":true,"href":"https:\/\/al-trader.pro\/es\/wp-json\/wp\/v2\/comments?post=14"}],"version-history":[{"count":34,"href":"https:\/\/al-trader.pro\/es\/wp-json\/wp\/v2\/pages\/14\/revisions"}],"predecessor-version":[{"id":659,"href":"https:\/\/al-trader.pro\/es\/wp-json\/wp\/v2\/pages\/14\/revisions\/659"}],"wp:attachment":[{"href":"https:\/\/al-trader.pro\/es\/wp-json\/wp\/v2\/media?parent=14"}],"curies":[{"name":"wp","href":"https:\/\/api.w.org\/{rel}","templated":true}]}}